{"id":186,"date":"2022-04-07T20:49:39","date_gmt":"2022-04-07T18:49:39","guid":{"rendered":"https:\/\/hiiudesign.ee\/?page_id=186"},"modified":"2023-10-12T17:26:04","modified_gmt":"2023-10-12T15:26:04","slug":"meist","status":"publish","type":"page","link":"https:\/\/hiiudesign.ee\/en\/meist\/","title":{"rendered":"About us"},"content":{"rendered":"<p><\/p>\n\n\n\n<div class=\"wp-block-cover alignfull is-light\" style=\"min-height:476px;aspect-ratio:unset;\"><span aria-hidden=\"true\" class=\"wp-block-cover__background has-palette-1-color-6-background-color has-background-dim-30 has-background-dim\"><\/span><img loading=\"lazy\" decoding=\"async\" width=\"2560\" height=\"1696\" class=\"wp-block-cover__image-background wp-image-317\" alt=\"\" src=\"https:\/\/hiiudesign.ee\/wp-content\/uploads\/2022\/04\/IMGP5166-1-scaled.jpg\" style=\"object-position:17% 87%\" data-object-fit=\"cover\" data-object-position=\"17% 87%\" srcset=\"https:\/\/www.hiiudesign.ee\/wp-content\/uploads\/2022\/04\/IMGP5166-1-scaled.jpg 2560w, https:\/\/www.hiiudesign.ee\/wp-content\/uploads\/2022\/04\/IMGP5166-1-300x199.jpg 300w, https:\/\/www.hiiudesign.ee\/wp-content\/uploads\/2022\/04\/IMGP5166-1-1024x678.jpg 1024w, https:\/\/www.hiiudesign.ee\/wp-content\/uploads\/2022\/04\/IMGP5166-1-768x509.jpg 768w, https:\/\/www.hiiudesign.ee\/wp-content\/uploads\/2022\/04\/IMGP5166-1-1536x1017.jpg 1536w, https:\/\/www.hiiudesign.ee\/wp-content\/uploads\/2022\/04\/IMGP5166-1-2048x1356.jpg 2048w, https:\/\/www.hiiudesign.ee\/wp-content\/uploads\/2022\/04\/IMGP5166-1-1140x755.jpg 1140w, https:\/\/www.hiiudesign.ee\/wp-content\/uploads\/2022\/04\/IMGP5166-1-920x609.jpg 920w, https:\/\/www.hiiudesign.ee\/wp-content\/uploads\/2022\/04\/IMGP5166-1-575x381.jpg 575w, https:\/\/www.hiiudesign.ee\/wp-content\/uploads\/2022\/04\/IMGP5166-1-380x252.jpg 380w, https:\/\/www.hiiudesign.ee\/wp-content\/uploads\/2022\/04\/IMGP5166-1-1320x874.jpg 1320w, https:\/\/www.hiiudesign.ee\/wp-content\/uploads\/2022\/04\/IMGP5166-1-800x530.jpg 800w\" sizes=\"auto, (max-width: 2560px) 100vw, 2560px\" \/><div class=\"wp-block-cover__inner-container is-layout-flow wp-block-cover-is-layout-flow\">\n<h1 class=\"wp-block-heading alignwide has-text-align-left has-ast-global-color-2-color has-text-color\">About us<\/h1>\n<\/div><\/div>\n\n\n\n<div class=\"wp-block-group alignwide has-ast-global-color-4-background-color has-background\"><div class=\"wp-block-group__inner-container is-layout-flow wp-block-group-is-layout-flow\">\n<div class=\"wp-block-columns alignwide are-vertically-aligned-top is-layout-flex wp-container-core-columns-is-layout-9d6595d7 wp-block-columns-is-layout-flex\">\n<div class=\"wp-block-column is-vertically-aligned-top is-layout-flow wp-block-column-is-layout-flow\" style=\"flex-basis:33.33%\">\n<h3 class=\"wp-block-heading\">Ehedad k\u00e4sit\u00f6\u00f6 meistriteosed valmivad Hiiumaal, K\u00e4rdlas<\/h3>\n<\/div>\n\n\n\n<div class=\"wp-block-column is-vertically-aligned-top is-layout-flow wp-block-column-is-layout-flow\" style=\"flex-basis:66.66%\">\n<h2 class=\"wp-block-heading\">Kes me oleme?<\/h2>\n\n\n\n<p>HiiuDesign on 10 aastase kogemusega Hiiumaa v\u00e4ikeettev\u00f5te<br>HiiuDesing l\u00e4htub oma toodete valmistamisel peamiselt taaskasutuse, kestlikkuse, loodusl\u00e4heduse ning Hiiumaa temaatika p\u00f5him\u00f5tetest.<\/p>\n\n\n\n<h2 class=\"wp-block-heading\">Mida me teeme?<\/h2>\n\n\n\n<p>K\u00dc\u00dcNLAD<\/p>\n\n\n\n<p>K\u00f5ik k\u00fc\u00fcnlatopsid on valmistatud \u00fckshaaval k\u00e4sitsi. Nende valmistamiseks kasutame niipalju kui v\u00f5imalik erinevate ettev\u00f5tete j\u00e4\u00e4ke, mis muidu leiaksid tee pr\u00fcgim\u00e4ele.  Hiiumaa on v\u00e4ike saar, meile lihtsale ei mahu palju pr\u00fcgi<\/p>\n\n\n\n<p>Meie k\u00fc\u00fcnlad valatakse k\u00e4sitsi v\u00e4ikeste partiidena, kasutades parima kvaliteediga 100% looduslikku euroopast p\u00e4rit rapsivaha, mis on infundeeritud esmaklassilise l\u00f5hna- ja eeterlike \u00f5lide seguga.<\/p>\n\n\n\n<p>Rapsivaha on taimne, looduslik ja biolagunev.Rapsivaha ei sisalda geneetiliselt muundatud ega m\u00fcrgiseid aineid. Veelgi enam, mesilased armastavad rapsi\u00f5isi ja rohkema rapsi kasvatamine aitab mesilasi. Rapsivaha ei p\u00e4rine p\u00e4hklist ega kaunviljast, mis t\u00e4hendab, et sellel ei ole sojavahaga seotud allergeeniprobleeme.<\/p>\n\n\n\n<p>Kasutame naturaalseid puuvillaseid tahte, kuna see on j\u00e4tkusuutlik allikas.<\/p>\n\n\n\n<p>Me ei kasuta keemilisi v\u00e4rvaineid, parabeene ega lisaaineid.<\/p>\n\n\n\n<p>V\u00f5imaluse korral taaskasutame pakkematerjale tarnimisel, et aidata v\u00e4hendada oma s\u00fcsiniku jalaj\u00e4lge.<\/p>\n\n\n\n<p>\u00dchtlasi on meie valmistatud tooted inspiratsiooni saanud just Hiiumaa elust enesest. Toodete kaunistamisel kasutame v\u00f5imalusel k\u00f5ike mis kohalik loodus pakub. Meilt ostes toetad kohalikku elu!<\/p>\n\n\n\n<div class=\"wp-block-buttons is-layout-flex wp-block-buttons-is-layout-flex\"><\/div>\n<\/div>\n<\/div>\n<\/div><\/div>","protected":false},"excerpt":{"rendered":"<p>Ehedad k\u00e4sit\u00f6\u00f6 meistriteosed valmivad Hiiumaal, K\u00e4rdlas Kes me oleme? HiiuDesign on 10 aastase kogemusega Hiiumaa v\u00e4ikeettev\u00f5teHiiuDesing l\u00e4htub oma toodete valmistamisel peamiselt taaskasutuse, kestlikkuse, loodusl\u00e4heduse ning Hiiumaa temaatika p\u00f5him\u00f5tetest. Mida me [&hellip;]<\/p>","protected":false},"author":1,"featured_media":0,"parent":0,"menu_order":0,"comment_status":"closed","ping_status":"closed","template":"","meta":{"_monsterinsights_skip_tracking":false,"_monsterinsights_sitenote_active":false,"_monsterinsights_sitenote_note":"","_monsterinsights_sitenote_category":0,"footnotes":""},"class_list":["post-186","page","type-page","status-publish","hentry"],"_links":{"self":[{"href":"https:\/\/hiiudesign.ee\/en\/wp-json\/wp\/v2\/pages\/186","targetHints":{"allow":["GET"]}}],"collection":[{"href":"https:\/\/hiiudesign.ee\/en\/wp-json\/wp\/v2\/pages"}],"about":[{"href":"https:\/\/hiiudesign.ee\/en\/wp-json\/wp\/v2\/types\/page"}],"author":[{"embeddable":true,"href":"https:\/\/hiiudesign.ee\/en\/wp-json\/wp\/v2\/users\/1"}],"replies":[{"embeddable":true,"href":"https:\/\/hiiudesign.ee\/en\/wp-json\/wp\/v2\/comments?post=186"}],"version-history":[{"count":5,"href":"https:\/\/hiiudesign.ee\/en\/wp-json\/wp\/v2\/pages\/186\/revisions"}],"predecessor-version":[{"id":838,"href":"https:\/\/hiiudesign.ee\/en\/wp-json\/wp\/v2\/pages\/186\/revisions\/838"}],"wp:attachment":[{"href":"https:\/\/hiiudesign.ee\/en\/wp-json\/wp\/v2\/media?parent=186"}],"curies":[{"name":"wp","href":"https:\/\/api.w.org\/{rel}","templated":true}]}}